{"id":384,"date":"2023-05-25T20:23:05","date_gmt":"2023-05-25T20:23:05","guid":{"rendered":"https:\/\/lumaxsystem.pl\/wordpress\/?page_id=384"},"modified":"2023-05-26T07:56:39","modified_gmt":"2023-05-26T07:56:39","slug":"mieszkalne","status":"publish","type":"page","link":"https:\/\/lumaxsystem.pl\/?page_id=384","title":{"rendered":"Mieszkalne"},"content":{"rendered":"<div class='flex_column av-h9iiw-2c04824eb0a4a8d143cb5edd06160142 av_one_full  avia-builder-el-0  avia-builder-el-no-sibling  first flex_column_div av-column-min-height-pc '  data-av-column-min-height=\"{&quot;column-min-pc&quot;:&quot;60%&quot;,&quot;column-equal-height&quot;:false}\"   ><section  class='av_textblock_section av-li3l0id7-b8145cd70775af6b05f838b0dd14f4d9'  itemscope=\"itemscope\" itemtype=\"https:\/\/schema.org\/CreativeWork\" ><div class='avia_textblock'  itemprop=\"text\" ><h3>Mieszkalne<\/h3>\n<\/div><\/section><br \/>\n<div  data-slideshow-options=\"{&quot;animation&quot;:&quot;fade&quot;,&quot;autoplay&quot;:false,&quot;loop_autoplay&quot;:&quot;once&quot;,&quot;interval&quot;:&quot;5&quot;,&quot;loop_manual&quot;:&quot;manual-endless&quot;,&quot;autoplay_stopper&quot;:false,&quot;noNavigation&quot;:false,&quot;show_slide_delay&quot;:90}\" class='avia-content-slider avia-content-slider-active avia-content-slider1 avia-content-slider-odd  avia-builder-el-2  el_after_av_textblock  avia-builder-el-last  av-slideshow-ui av-control-default   av-no-slider-navigation av-slideshow-manual av-loop-once av-loop-manual-endless '  itemscope=\"itemscope\" itemtype=\"https:\/\/schema.org\/Blog\" ><div class=\"avia-content-slider-inner\"><div class=\"slide-entry-wrap\"><article class='slide-entry flex_column  post-entry post-entry-713 slide-entry-overview slide-loop-1 slide-parity-odd  av_one_third first real-thumbnail post-format-standard'  itemscope=\"itemscope\" itemtype=\"https:\/\/schema.org\/CreativeWork\" ><a href='https:\/\/lumaxsystem.pl\/?p=713' data-rel='slide-1' class='slide-image' title='Valley Golf Village &#8211; Pacz\u00f3\u0142towice'><img loading=\"lazy\" decoding=\"async\" width=\"495\" height=\"400\" src=\"https:\/\/lumaxsystem.pl\/wp-content\/uploads\/2023\/09\/HPIM3223-495x400.jpg\" class=\"wp-image-718 avia-img-lazy-loading-718 attachment-portfolio size-portfolio wp-post-image\" alt=\"\" srcset=\"https:\/\/lumaxsystem.pl\/wp-content\/uploads\/2023\/09\/HPIM3223-495x400.jpg 495w, https:\/\/lumaxsystem.pl\/wp-content\/uploads\/2023\/09\/HPIM3223-845x684.jpg 845w\" sizes=\"auto, (max-width: 495px) 100vw, 495px\" \/><\/a><div class=\"slide-content\"><header class=\"entry-content-header\"><h3 class='slide-entry-title entry-title '  itemprop=\"headline\" ><a href='https:\/\/lumaxsystem.pl\/?p=713' title='Valley Golf Village &#8211; Pacz\u00f3\u0142towice'>Valley Golf Village &#8211; Pacz\u00f3\u0142towice<\/a><\/h3><span class=\"av-vertical-delimiter\"><\/span><\/header><\/div><footer class=\"entry-footer\"><\/footer><span class='hidden'>\n\t\t\t\t<span class='av-structured-data'  itemprop=\"image\" itemscope=\"itemscope\" itemtype=\"https:\/\/schema.org\/ImageObject\" >\n\t\t\t\t\t\t<span itemprop='url'>https:\/\/lumaxsystem.pl\/wp-content\/uploads\/2023\/09\/HPIM3223.jpg<\/span>\n\t\t\t\t\t\t<span itemprop='height'>768<\/span>\n\t\t\t\t\t\t<span itemprop='width'>1022<\/span>\n\t\t\t\t<\/span>\n\t\t\t\t<span class='av-structured-data'  itemprop=\"publisher\" itemtype=\"https:\/\/schema.org\/Organization\" itemscope=\"itemscope\" >\n\t\t\t\t\t\t<span itemprop='name'>admin<\/span>\n\t\t\t\t\t\t<span itemprop='logo' itemscope itemtype='https:\/\/schema.org\/ImageObject'>\n\t\t\t\t\t\t\t<span itemprop='url'>https:\/\/lumaxsystem.pl\/wordpress\/wp-content\/uploads\/2023\/05\/logo2-300x67.png<\/span>\n\t\t\t\t\t\t <\/span>\n\t\t\t\t<\/span><span class='av-structured-data'  itemprop=\"author\" itemscope=\"itemscope\" itemtype=\"https:\/\/schema.org\/Person\" ><span itemprop='name'>admin<\/span><\/span><span class='av-structured-data'  itemprop=\"datePublished\" datetime=\"2023-05-25T20:23:05+00:00\" >2023-09-01 12:01:24<\/span><span class='av-structured-data'  itemprop=\"dateModified\" itemtype=\"https:\/\/schema.org\/dateModified\" >2023-09-01 12:01:25<\/span><span class='av-structured-data'  itemprop=\"mainEntityOfPage\" itemtype=\"https:\/\/schema.org\/mainEntityOfPage\" ><span itemprop='name'>Valley Golf Village &#8211; Pacz\u00f3\u0142towice<\/span><\/span><\/span><\/article><article class='slide-entry flex_column  post-entry post-entry-706 slide-entry-overview slide-loop-2 slide-parity-even  av_one_third  real-thumbnail post-format-standard'  itemscope=\"itemscope\" itemtype=\"https:\/\/schema.org\/CreativeWork\" ><a href='https:\/\/lumaxsystem.pl\/?p=706' data-rel='slide-1' class='slide-image' title='Salwator City &#8211; Krak\u00f3w'><img loading=\"lazy\" decoding=\"async\" width=\"495\" height=\"400\" src=\"https:\/\/lumaxsystem.pl\/wp-content\/uploads\/2023\/09\/DSC_1074-495x400.jpg\" class=\"wp-image-711 avia-img-lazy-loading-711 attachment-portfolio size-portfolio wp-post-image\" alt=\"\" srcset=\"https:\/\/lumaxsystem.pl\/wp-content\/uploads\/2023\/09\/DSC_1074-495x400.jpg 495w, https:\/\/lumaxsystem.pl\/wp-content\/uploads\/2023\/09\/DSC_1074-845x684.jpg 845w\" sizes=\"auto, (max-width: 495px) 100vw, 495px\" \/><\/a><div class=\"slide-content\"><header class=\"entry-content-header\"><h3 class='slide-entry-title entry-title '  itemprop=\"headline\" ><a href='https:\/\/lumaxsystem.pl\/?p=706' title='Salwator City &#8211; Krak\u00f3w'>Salwator City &#8211; Krak\u00f3w<\/a><\/h3><span class=\"av-vertical-delimiter\"><\/span><\/header><\/div><footer class=\"entry-footer\"><\/footer><span class='hidden'>\n\t\t\t\t<span class='av-structured-data'  itemprop=\"image\" itemscope=\"itemscope\" itemtype=\"https:\/\/schema.org\/ImageObject\" >\n\t\t\t\t\t\t<span itemprop='url'>https:\/\/lumaxsystem.pl\/wp-content\/uploads\/2023\/09\/DSC_1074.jpg<\/span>\n\t\t\t\t\t\t<span itemprop='height'>768<\/span>\n\t\t\t\t\t\t<span itemprop='width'>1152<\/span>\n\t\t\t\t<\/span>\n\t\t\t\t<span class='av-structured-data'  itemprop=\"publisher\" itemtype=\"https:\/\/schema.org\/Organization\" itemscope=\"itemscope\" >\n\t\t\t\t\t\t<span itemprop='name'>admin<\/span>\n\t\t\t\t\t\t<span itemprop='logo' itemscope itemtype='https:\/\/schema.org\/ImageObject'>\n\t\t\t\t\t\t\t<span itemprop='url'>https:\/\/lumaxsystem.pl\/wordpress\/wp-content\/uploads\/2023\/05\/logo2-300x67.png<\/span>\n\t\t\t\t\t\t <\/span>\n\t\t\t\t<\/span><span class='av-structured-data'  itemprop=\"author\" itemscope=\"itemscope\" itemtype=\"https:\/\/schema.org\/Person\" ><span itemprop='name'>admin<\/span><\/span><span class='av-structured-data'  itemprop=\"datePublished\" datetime=\"2023-05-25T20:23:05+00:00\" >2023-09-01 11:59:51<\/span><span class='av-structured-data'  itemprop=\"dateModified\" itemtype=\"https:\/\/schema.org\/dateModified\" >2023-09-01 11:59:53<\/span><span class='av-structured-data'  itemprop=\"mainEntityOfPage\" itemtype=\"https:\/\/schema.org\/mainEntityOfPage\" ><span itemprop='name'>Salwator City &#8211; Krak\u00f3w<\/span><\/span><\/span><\/article><article class='slide-entry flex_column  post-entry post-entry-692 slide-entry-overview slide-loop-3 slide-parity-odd  av_one_third  real-thumbnail post-format-standard'  itemscope=\"itemscope\" itemtype=\"https:\/\/schema.org\/CreativeWork\" ><a href='https:\/\/lumaxsystem.pl\/?p=692' data-rel='slide-1' class='slide-image' title='RENNER &#8211; Glivia &#8211; Gliwice'><img loading=\"lazy\" decoding=\"async\" width=\"495\" height=\"400\" src=\"https:\/\/lumaxsystem.pl\/wp-content\/uploads\/2023\/09\/DSC_1020-min-495x400.jpg\" class=\"wp-image-693 avia-img-lazy-loading-693 attachment-portfolio size-portfolio wp-post-image\" alt=\"\" srcset=\"https:\/\/lumaxsystem.pl\/wp-content\/uploads\/2023\/09\/DSC_1020-min-495x400.jpg 495w, https:\/\/lumaxsystem.pl\/wp-content\/uploads\/2023\/09\/DSC_1020-min-845x684.jpg 845w\" sizes=\"auto, (max-width: 495px) 100vw, 495px\" \/><\/a><div class=\"slide-content\"><header class=\"entry-content-header\"><h3 class='slide-entry-title entry-title '  itemprop=\"headline\" ><a href='https:\/\/lumaxsystem.pl\/?p=692' title='RENNER &#8211; Glivia &#8211; Gliwice'>RENNER &#8211; Glivia &#8211; Gliwice<\/a><\/h3><span class=\"av-vertical-delimiter\"><\/span><\/header><\/div><footer class=\"entry-footer\"><\/footer><span class='hidden'>\n\t\t\t\t<span class='av-structured-data'  itemprop=\"image\" itemscope=\"itemscope\" itemtype=\"https:\/\/schema.org\/ImageObject\" >\n\t\t\t\t\t\t<span itemprop='url'>https:\/\/lumaxsystem.pl\/wp-content\/uploads\/2023\/09\/DSC_1020-min-scaled.jpg<\/span>\n\t\t\t\t\t\t<span itemprop='height'>1707<\/span>\n\t\t\t\t\t\t<span itemprop='width'>2560<\/span>\n\t\t\t\t<\/span>\n\t\t\t\t<span class='av-structured-data'  itemprop=\"publisher\" itemtype=\"https:\/\/schema.org\/Organization\" itemscope=\"itemscope\" >\n\t\t\t\t\t\t<span itemprop='name'>admin<\/span>\n\t\t\t\t\t\t<span itemprop='logo' itemscope itemtype='https:\/\/schema.org\/ImageObject'>\n\t\t\t\t\t\t\t<span itemprop='url'>https:\/\/lumaxsystem.pl\/wordpress\/wp-content\/uploads\/2023\/05\/logo2-300x67.png<\/span>\n\t\t\t\t\t\t <\/span>\n\t\t\t\t<\/span><span class='av-structured-data'  itemprop=\"author\" itemscope=\"itemscope\" itemtype=\"https:\/\/schema.org\/Person\" ><span itemprop='name'>admin<\/span><\/span><span class='av-structured-data'  itemprop=\"datePublished\" datetime=\"2023-05-25T20:23:05+00:00\" >2023-09-01 11:58:24<\/span><span class='av-structured-data'  itemprop=\"dateModified\" itemtype=\"https:\/\/schema.org\/dateModified\" >2023-09-01 11:58:26<\/span><span class='av-structured-data'  itemprop=\"mainEntityOfPage\" itemtype=\"https:\/\/schema.org\/mainEntityOfPage\" ><span itemprop='name'>RENNER &#8211; Glivia &#8211; Gliwice<\/span><\/span><\/span><\/article><\/div><div class=\"slide-entry-wrap\"><article class='slide-entry flex_column  post-entry post-entry-685 slide-entry-overview slide-loop-4 slide-parity-odd  av_one_third first real-thumbnail post-format-standard'  itemscope=\"itemscope\" itemtype=\"https:\/\/schema.org\/CreativeWork\" ><a href='https:\/\/lumaxsystem.pl\/?p=685' data-rel='slide-1' class='slide-image' title='Os. Ksi\u0105\u017c\u0119ce &#8211; Katowice'><img loading=\"lazy\" decoding=\"async\" width=\"495\" height=\"400\" src=\"https:\/\/lumaxsystem.pl\/wp-content\/uploads\/2023\/09\/Energomontaz-3-495x400.jpg\" class=\"wp-image-688 avia-img-lazy-loading-688 attachment-portfolio size-portfolio wp-post-image\" alt=\"\" srcset=\"https:\/\/lumaxsystem.pl\/wp-content\/uploads\/2023\/09\/Energomontaz-3-495x400.jpg 495w, https:\/\/lumaxsystem.pl\/wp-content\/uploads\/2023\/09\/Energomontaz-3-845x684.jpg 845w\" sizes=\"auto, (max-width: 495px) 100vw, 495px\" \/><\/a><div class=\"slide-content\"><header class=\"entry-content-header\"><h3 class='slide-entry-title entry-title '  itemprop=\"headline\" ><a href='https:\/\/lumaxsystem.pl\/?p=685' title='Os. Ksi\u0105\u017c\u0119ce &#8211; Katowice'>Os. Ksi\u0105\u017c\u0119ce &#8211; Katowice<\/a><\/h3><span class=\"av-vertical-delimiter\"><\/span><\/header><\/div><footer class=\"entry-footer\"><\/footer><span class='hidden'>\n\t\t\t\t<span class='av-structured-data'  itemprop=\"image\" itemscope=\"itemscope\" itemtype=\"https:\/\/schema.org\/ImageObject\" >\n\t\t\t\t\t\t<span itemprop='url'>https:\/\/lumaxsystem.pl\/wp-content\/uploads\/2023\/09\/Energomontaz-3.jpg<\/span>\n\t\t\t\t\t\t<span itemprop='height'>768<\/span>\n\t\t\t\t\t\t<span itemprop='width'>1024<\/span>\n\t\t\t\t<\/span>\n\t\t\t\t<span class='av-structured-data'  itemprop=\"publisher\" itemtype=\"https:\/\/schema.org\/Organization\" itemscope=\"itemscope\" >\n\t\t\t\t\t\t<span itemprop='name'>admin<\/span>\n\t\t\t\t\t\t<span itemprop='logo' itemscope itemtype='https:\/\/schema.org\/ImageObject'>\n\t\t\t\t\t\t\t<span itemprop='url'>https:\/\/lumaxsystem.pl\/wordpress\/wp-content\/uploads\/2023\/05\/logo2-300x67.png<\/span>\n\t\t\t\t\t\t <\/span>\n\t\t\t\t<\/span><span class='av-structured-data'  itemprop=\"author\" itemscope=\"itemscope\" itemtype=\"https:\/\/schema.org\/Person\" ><span itemprop='name'>admin<\/span><\/span><span class='av-structured-data'  itemprop=\"datePublished\" datetime=\"2023-05-25T20:23:05+00:00\" >2023-09-01 11:53:56<\/span><span class='av-structured-data'  itemprop=\"dateModified\" itemtype=\"https:\/\/schema.org\/dateModified\" >2023-09-01 11:53:58<\/span><span class='av-structured-data'  itemprop=\"mainEntityOfPage\" itemtype=\"https:\/\/schema.org\/mainEntityOfPage\" ><span itemprop='name'>Os. Ksi\u0105\u017c\u0119ce &#8211; Katowice<\/span><\/span><\/span><\/article><article class='slide-entry flex_column  post-entry post-entry-681 slide-entry-overview slide-loop-5 slide-parity-even  av_one_third  real-thumbnail post-format-standard'  itemscope=\"itemscope\" itemtype=\"https:\/\/schema.org\/CreativeWork\" ><a href='https:\/\/lumaxsystem.pl\/?p=681' data-rel='slide-1' class='slide-image' title='Mieszkania ul. Bernardy\u0144ska &#8211; Gliwce'><img loading=\"lazy\" decoding=\"async\" width=\"495\" height=\"400\" src=\"https:\/\/lumaxsystem.pl\/wp-content\/uploads\/2023\/09\/DSC02571-495x400.jpg\" class=\"wp-image-683 avia-img-lazy-loading-683 attachment-portfolio size-portfolio wp-post-image\" alt=\"\" srcset=\"https:\/\/lumaxsystem.pl\/wp-content\/uploads\/2023\/09\/DSC02571-495x400.jpg 495w, https:\/\/lumaxsystem.pl\/wp-content\/uploads\/2023\/09\/DSC02571-845x684.jpg 845w\" sizes=\"auto, (max-width: 495px) 100vw, 495px\" \/><\/a><div class=\"slide-content\"><header class=\"entry-content-header\"><h3 class='slide-entry-title entry-title '  itemprop=\"headline\" ><a href='https:\/\/lumaxsystem.pl\/?p=681' title='Mieszkania ul. Bernardy\u0144ska &#8211; Gliwce'>Mieszkania ul. Bernardy\u0144ska &#8211; Gliwce<\/a><\/h3><span class=\"av-vertical-delimiter\"><\/span><\/header><\/div><footer class=\"entry-footer\"><\/footer><span class='hidden'>\n\t\t\t\t<span class='av-structured-data'  itemprop=\"image\" itemscope=\"itemscope\" itemtype=\"https:\/\/schema.org\/ImageObject\" >\n\t\t\t\t\t\t<span itemprop='url'>https:\/\/lumaxsystem.pl\/wp-content\/uploads\/2023\/09\/DSC02571.jpg<\/span>\n\t\t\t\t\t\t<span itemprop='height'>768<\/span>\n\t\t\t\t\t\t<span itemprop='width'>1024<\/span>\n\t\t\t\t<\/span>\n\t\t\t\t<span class='av-structured-data'  itemprop=\"publisher\" itemtype=\"https:\/\/schema.org\/Organization\" itemscope=\"itemscope\" >\n\t\t\t\t\t\t<span itemprop='name'>admin<\/span>\n\t\t\t\t\t\t<span itemprop='logo' itemscope itemtype='https:\/\/schema.org\/ImageObject'>\n\t\t\t\t\t\t\t<span itemprop='url'>https:\/\/lumaxsystem.pl\/wordpress\/wp-content\/uploads\/2023\/05\/logo2-300x67.png<\/span>\n\t\t\t\t\t\t <\/span>\n\t\t\t\t<\/span><span class='av-structured-data'  itemprop=\"author\" itemscope=\"itemscope\" itemtype=\"https:\/\/schema.org\/Person\" ><span itemprop='name'>admin<\/span><\/span><span class='av-structured-data'  itemprop=\"datePublished\" datetime=\"2023-05-25T20:23:05+00:00\" >2023-09-01 11:52:29<\/span><span class='av-structured-data'  itemprop=\"dateModified\" itemtype=\"https:\/\/schema.org\/dateModified\" >2023-09-01 11:52:31<\/span><span class='av-structured-data'  itemprop=\"mainEntityOfPage\" itemtype=\"https:\/\/schema.org\/mainEntityOfPage\" ><span itemprop='name'>Mieszkania ul. Bernardy\u0144ska &#8211; Gliwce<\/span><\/span><\/span><\/article><article class='slide-entry flex_column  post-entry post-entry-669 slide-entry-overview slide-loop-6 slide-parity-odd  post-entry-last  av_one_third  real-thumbnail post-format-standard'  itemscope=\"itemscope\" itemtype=\"https:\/\/schema.org\/CreativeWork\" ><a href='https:\/\/lumaxsystem.pl\/?p=669' data-rel='slide-1' class='slide-image' title='Dombud &#8211; Barbary &#8211; Katowice'><img loading=\"lazy\" decoding=\"async\" width=\"495\" height=\"400\" src=\"https:\/\/lumaxsystem.pl\/wp-content\/uploads\/2023\/09\/IMG_20230628_100131-min-495x400.jpg\" class=\"wp-image-676 avia-img-lazy-loading-676 attachment-portfolio size-portfolio wp-post-image\" alt=\"\" srcset=\"https:\/\/lumaxsystem.pl\/wp-content\/uploads\/2023\/09\/IMG_20230628_100131-min-495x400.jpg 495w, https:\/\/lumaxsystem.pl\/wp-content\/uploads\/2023\/09\/IMG_20230628_100131-min-845x684.jpg 845w\" sizes=\"auto, (max-width: 495px) 100vw, 495px\" \/><\/a><div class=\"slide-content\"><header class=\"entry-content-header\"><h3 class='slide-entry-title entry-title '  itemprop=\"headline\" ><a href='https:\/\/lumaxsystem.pl\/?p=669' title='Dombud &#8211; Barbary &#8211; Katowice'>Dombud &#8211; Barbary &#8211; Katowice<\/a><\/h3><span class=\"av-vertical-delimiter\"><\/span><\/header><\/div><footer class=\"entry-footer\"><\/footer><span class='hidden'>\n\t\t\t\t<span class='av-structured-data'  itemprop=\"image\" itemscope=\"itemscope\" itemtype=\"https:\/\/schema.org\/ImageObject\" >\n\t\t\t\t\t\t<span itemprop='url'>https:\/\/lumaxsystem.pl\/wp-content\/uploads\/2023\/09\/IMG_20230628_100131-min-scaled.jpg<\/span>\n\t\t\t\t\t\t<span itemprop='height'>1920<\/span>\n\t\t\t\t\t\t<span itemprop='width'>2560<\/span>\n\t\t\t\t<\/span>\n\t\t\t\t<span class='av-structured-data'  itemprop=\"publisher\" itemtype=\"https:\/\/schema.org\/Organization\" itemscope=\"itemscope\" >\n\t\t\t\t\t\t<span itemprop='name'>admin<\/span>\n\t\t\t\t\t\t<span itemprop='logo' itemscope itemtype='https:\/\/schema.org\/ImageObject'>\n\t\t\t\t\t\t\t<span itemprop='url'>https:\/\/lumaxsystem.pl\/wordpress\/wp-content\/uploads\/2023\/05\/logo2-300x67.png<\/span>\n\t\t\t\t\t\t <\/span>\n\t\t\t\t<\/span><span class='av-structured-data'  itemprop=\"author\" itemscope=\"itemscope\" itemtype=\"https:\/\/schema.org\/Person\" ><span itemprop='name'>admin<\/span><\/span><span class='av-structured-data'  itemprop=\"datePublished\" datetime=\"2023-05-25T20:23:05+00:00\" >2023-09-01 11:51:10<\/span><span class='av-structured-data'  itemprop=\"dateModified\" itemtype=\"https:\/\/schema.org\/dateModified\" >2023-09-01 11:51:12<\/span><span class='av-structured-data'  itemprop=\"mainEntityOfPage\" itemtype=\"https:\/\/schema.org\/mainEntityOfPage\" ><span itemprop='name'>Dombud &#8211; Barbary &#8211; Katowice<\/span><\/span><\/span><\/article><\/div><\/div><div class='avia-slideshow-arrows avia-slideshow-controls' ><a href='#prev' class='prev-slide ' aria-hidden='true' data-av_icon='\ue87c' data-av_iconfont='entypo-fontello'  tabindex='-1'>Previous<\/a><a href='#next' class='next-slide ' aria-hidden='true' data-av_icon='\ue87d' data-av_iconfont='entypo-fontello'  tabindex='-1'>Next<\/a><\/div><\/div><\/p><\/div>\n","protected":false},"excerpt":{"rendered":"","protected":false},"author":1,"featured_media":0,"parent":0,"menu_order":0,"comment_status":"closed","ping_status":"closed","template":"","meta":{"footnotes":""},"class_list":["post-384","page","type-page","status-publish","hentry"],"_links":{"self":[{"href":"https:\/\/lumaxsystem.pl\/index.php?rest_route=\/wp\/v2\/pages\/384","targetHints":{"allow":["GET"]}}],"collection":[{"href":"https:\/\/lumaxsystem.pl\/index.php?rest_route=\/wp\/v2\/pages"}],"about":[{"href":"https:\/\/lumaxsystem.pl\/index.php?rest_route=\/wp\/v2\/types\/page"}],"author":[{"embeddable":true,"href":"https:\/\/lumaxsystem.pl\/index.php?rest_route=\/wp\/v2\/users\/1"}],"replies":[{"embeddable":true,"href":"https:\/\/lumaxsystem.pl\/index.php?rest_route=%2Fwp%2Fv2%2Fcomments&post=384"}],"version-history":[{"count":3,"href":"https:\/\/lumaxsystem.pl\/index.php?rest_route=\/wp\/v2\/pages\/384\/revisions"}],"predecessor-version":[{"id":450,"href":"https:\/\/lumaxsystem.pl\/index.php?rest_route=\/wp\/v2\/pages\/384\/revisions\/450"}],"wp:attachment":[{"href":"https:\/\/lumaxsystem.pl\/index.php?rest_route=%2Fwp%2Fv2%2Fmedia&parent=384"}],"curies":[{"name":"wp","href":"https:\/\/api.w.org\/{rel}","templated":true}]}}