{"id":31,"date":"2023-05-22T10:11:22","date_gmt":"2023-05-22T10:11:22","guid":{"rendered":"https:\/\/lumaxsystem.pl\/wordpress\/?page_id=31"},"modified":"2023-09-02T11:02:49","modified_gmt":"2023-09-02T11:02:49","slug":"o-nas","status":"publish","type":"page","link":"https:\/\/lumaxsystem.pl\/?page_id=31","title":{"rendered":"O nas"},"content":{"rendered":"<div id='av_section_1'  class='avia-section av-lhyp08bh-ea90c777bcf0a81db5db0b3e204b926b main_color avia-section-default avia-no-border-styling  avia-builder-el-0  avia-builder-el-no-sibling  avia-bg-style-scroll av-minimum-height av-minimum-height-65  container_wrap fullsize'   data-av_minimum_height_pc='65'><div class='container av-section-cont-open' ><main  role=\"main\" itemprop=\"mainContentOfPage\"  class='template-page content  av-content-full alpha units'><div class='post-entry post-entry-type-page post-entry-31'><div class='entry-content-wrapper clearfix'>\n<div class='flex_column av-1ad07-352ef30b03d473f9033d45e64812d7e1 av_two_third  avia-builder-el-1  el_before_av_one_third  avia-builder-el-first  first flex_column_div '     ><section  class='av_textblock_section av-lht3ag1e-bd0f6ceeb1f24fde3a4c4a6834814fe0'  itemscope=\"itemscope\" itemtype=\"https:\/\/schema.org\/CreativeWork\" ><div class='avia_textblock'  itemprop=\"text\" ><h3>O nas<\/h3>\n<p>Firma P.P.H.U &#8222;LUMAX&#8221; \u0141ukasz Spaczy\u0144ski znajduj\u0119 si\u0119 w miejscowo\u015bci Krzepice w wojew\u00f3dztwie \u015bl\u0105skim. Dzia\u0142amy w bran\u017cy stolarki aluminiowej od roku 2005, jednak nasi pracownicy z aluminium zwi\u0105zani s\u0105 od d\u0142u\u017cszego czasu. Kadra firmy to mieszanka pracownik\u00f3w z wieloletnim do\u015bwiadczeniem oraz m\u0142odych zdolnych i przebojowych. Przedmiotem dzia\u0142alno\u015bci naszej firmy jest szeroko poj\u0119ta produkcja i monta\u017c element\u00f3w ze szk\u0142a i aluminium.<\/p>\n<p>Do produkcji wykorzystujemy w zale\u017cno\u015bci od \u017cyczenia klienta profile firm : ALUPROF, YAWAL, ALUMIL i PONZIO. Firma posiada certyfikaty do produkcji stolarki przeciwpo\u017carowej EI 15, EI 30 i EI 60 oraz zak\u0142adowy system kontroli produkcji, co jest gwarantem wysokiej jako\u015bci fabrykowanych konstrukcji.<\/p>\n<p>Wsp\u00f3\u0142pracujemy z wieloma znanymi firmami budowlanymi na obszarze ca\u0142ej Polski by wymieni\u0107 tylko: STRABAG, SKANSKA, POLBAU, ROBUD, BUDUS, ENERGOPOL Trade, MAEXPA-FERNANDES &#038; SOARES, ENERGOMONTA\u017b , Bielskie Przedsi\u0119biorstwo Budownictwa Przemys\u0142owego.<\/p>\n<\/div><\/section><\/div><div class='flex_column av-xbpr-aac98bf44c95799c5af1bd8ebde114f6 av_one_third  avia-builder-el-3  el_after_av_two_third  avia-builder-el-last  flex_column_div '     ><style type=\"text\/css\" data-created_by=\"avia_inline_auto\" id=\"style-css-av-lht3cmhw-fafa6b8fcef231d07a5f83a874dda0bd\">\n@-webkit-keyframes av_boxShadowEffect_av-lht3cmhw-fafa6b8fcef231d07a5f83a874dda0bd {\n0%   { box-shadow:  0 0 0 0 ; opacity: 1; }\n100% { box-shadow:  0 0 10px 0 ; opacity: 1; }\n}\n@keyframes av_boxShadowEffect_av-lht3cmhw-fafa6b8fcef231d07a5f83a874dda0bd {\n0%   { box-shadow:  0 0 0 0 ; opacity: 1; }\n100% { box-shadow:  0 0 10px 0 ; opacity: 1; }\n}\n.avia-image-container.av-lht3cmhw-fafa6b8fcef231d07a5f83a874dda0bd img.avia_image{\nbox-shadow: 0 0 10px 0 ;\n}\n.avia-image-container.av-lht3cmhw-fafa6b8fcef231d07a5f83a874dda0bd .av-image-caption-overlay-center{\ncolor:#ffffff;\n}\n<\/style>\n<div  class='avia-image-container av-lht3cmhw-fafa6b8fcef231d07a5f83a874dda0bd av-styling- avia_animated_image av-animated-when-visible-95 fade-in avia-align-center  avia-builder-el-4  avia-builder-el-no-sibling  av-img-box-shadow av-box-shadow-not-animated'   itemprop=\"image\" itemscope=\"itemscope\" itemtype=\"https:\/\/schema.org\/ImageObject\" ><div class=\"avia-image-container-inner\"><div class=\"avia-image-overlay-wrap\"><img decoding=\"async\" class='wp-image-1425 avia-img-lazy-loading-not-1425 avia_image shadow-not-animated' src=\"https:\/\/lumaxsystem.pl\/wp-content\/uploads\/2023\/09\/DSC_1104-495x400.jpg\" alt='' title='DSC_1104'  height=\"400\" width=\"495\"  itemprop=\"thumbnailUrl\" srcset=\"https:\/\/lumaxsystem.pl\/wp-content\/uploads\/2023\/09\/DSC_1104-495x400.jpg 495w, https:\/\/lumaxsystem.pl\/wp-content\/uploads\/2023\/09\/DSC_1104-845x684.jpg 845w\" sizes=\"(max-width: 495px) 100vw, 495px\" \/><\/div><\/div><\/div><\/div>\n","protected":false},"excerpt":{"rendered":"","protected":false},"author":1,"featured_media":0,"parent":0,"menu_order":0,"comment_status":"closed","ping_status":"closed","template":"","meta":{"footnotes":""},"class_list":["post-31","page","type-page","status-publish","hentry"],"_links":{"self":[{"href":"https:\/\/lumaxsystem.pl\/index.php?rest_route=\/wp\/v2\/pages\/31","targetHints":{"allow":["GET"]}}],"collection":[{"href":"https:\/\/lumaxsystem.pl\/index.php?rest_route=\/wp\/v2\/pages"}],"about":[{"href":"https:\/\/lumaxsystem.pl\/index.php?rest_route=\/wp\/v2\/types\/page"}],"author":[{"embeddable":true,"href":"https:\/\/lumaxsystem.pl\/index.php?rest_route=\/wp\/v2\/users\/1"}],"replies":[{"embeddable":true,"href":"https:\/\/lumaxsystem.pl\/index.php?rest_route=%2Fwp%2Fv2%2Fcomments&post=31"}],"version-history":[{"count":5,"href":"https:\/\/lumaxsystem.pl\/index.php?rest_route=\/wp\/v2\/pages\/31\/revisions"}],"predecessor-version":[{"id":1432,"href":"https:\/\/lumaxsystem.pl\/index.php?rest_route=\/wp\/v2\/pages\/31\/revisions\/1432"}],"wp:attachment":[{"href":"https:\/\/lumaxsystem.pl\/index.php?rest_route=%2Fwp%2Fv2%2Fmedia&parent=31"}],"curies":[{"name":"wp","href":"https:\/\/api.w.org\/{rel}","templated":true}]}}